{"id":2670,"date":"2023-07-10T15:22:06","date_gmt":"2023-07-10T13:22:06","guid":{"rendered":"https:\/\/macfab.nl\/umreifungsrollen-zum-binden-von-ballen\/"},"modified":"2026-03-19T13:53:05","modified_gmt":"2026-03-19T12:53:05","slug":"umreifungsrollen-zum-binden-von-ballen","status":"publish","type":"page","link":"https:\/\/macfab.nl\/de\/umreifungsrollen-zum-binden-von-ballen\/","title":{"rendered":"Umreifungsrollen zum binden von ballen"},"content":{"rendered":"<div class=\"block-materials-by-category\">\n        <div class=\"my-14 grid grid-cols-1 gap-5 sm:grid-cols-2 md:gap-9 lg:grid-cols-3 xl:grid-cols-4\">\n                            <a href=\"https:\/\/macfab.nl\/de\/verbrauchsmaterial\/umreifungsrollen-13-mm\/\" title=\"Umreifungsrollen 13 mm\" class=\"flex flex-col gap-4 bg-white px-6 py-6 drop-shadow-2xl\">\n                    <img decoding=\"async\" src=\"https:\/\/macfab.nl\/app\/uploads\/2023\/08\/balenpersband-aspect-ratio-250-230.jpg\" alt=\"Umreifungsrollen 13 mm\">\n                    <h3 class=\"!mb-0\">\n                        Umreifungsrollen 13 mm\n                    <\/h3>\n                <\/a>\n                            <a href=\"https:\/\/macfab.nl\/de\/verbrauchsmaterial\/umreifungsrollen-16-mm\/\" title=\"Umreifungsrollen 16 mm\" class=\"flex flex-col gap-4 bg-white px-6 py-6 drop-shadow-2xl\">\n                    <img decoding=\"async\" src=\"https:\/\/macfab.nl\/app\/uploads\/2023\/08\/balenpersband-aspect-ratio-250-230-5.jpg\" alt=\"Umreifungsrollen 16 mm\">\n                    <h3 class=\"!mb-0\">\n                        Umreifungsrollen 16 mm\n                    <\/h3>\n                <\/a>\n                            <a href=\"https:\/\/macfab.nl\/de\/verbrauchsmaterial\/umreifungsrollen-zum-binden-von-ballen\/\" title=\"Umreifungsrollen zum Binden von Ballen\" class=\"flex flex-col gap-4 bg-white px-6 py-6 drop-shadow-2xl\">\n                    <img decoding=\"async\" src=\"https:\/\/macfab.nl\/app\/uploads\/2023\/08\/balenpersband-aspect-ratio-250-230-1.jpg\" alt=\"Umreifungsrollen zum Binden von Ballen\">\n                    <h3 class=\"!mb-0\">\n                        Umreifungsrollen zum Binden von Ballen\n                    <\/h3>\n                <\/a>\n                    <\/div>\n    <\/div>\n\n<p><\/p>\n\n<p>Der Umreifungsrollen zum binden von Ballen von Macfab ist robust und langlebig. Es dient dazu, Abfallballen kompakt zu halten. Der Riemen ist f\u00fcr jeden n\u00fctzlich, der eine Ballenpresse besitzt, nicht nur f\u00fcr Macfab-Kunden.<\/p>\n\n<p>Das Ballenpresseband von Macfab ist ein hochwertiges und langlebiges Produkt, das speziell entwickelt wurde, um den Anforderungen von Personen gerecht zu werden, die eine Ballenpresse verwenden. Es wurde mit Blick auf Effizienz, Zuverl\u00e4ssigkeit und Benutzerfreundlichkeit entwickelt und ist somit ein wesentlicher Bestandteil f\u00fcr das B\u00fcndeln und Verarbeiten von recycelbaren Materialien.<\/p>\n\n<p>Das Band besteht aus robustem Material, das den Kr\u00e4ften standh\u00e4lt, die beim Pressen von Ballen freigesetzt werden. Es ist so konzipiert, dass es eng um die Ballen gewickelt wird, damit sie f\u00fcr Transport und Lagerung fest und kompakt bleiben. Dies minimiert Abfall und optimiert den logistischen Prozess der Abfallverarbeitung.<\/p>\n\n<p><\/p>\n","protected":false},"excerpt":{"rendered":"<p>Der Umreifungsrollen zum binden von Ballen von Macfab ist robust und langlebig. Es dient dazu, Abfallballen kompakt zu halten. Der Riemen ist f\u00fcr jeden n\u00fctzlich, der eine Ballenpresse besitzt, nicht nur f\u00fcr Macfab-Kunden. Das Ballenpresseband von Macfab ist ein hochwertiges und langlebiges Produkt, das speziell entwickelt wurde, um den Anforderungen von Personen gerecht zu werden, &hellip; <a href=\"https:\/\/macfab.nl\/de\/umreifungsrollen-zum-binden-von-ballen\/\">Continued<\/a><\/p>\n","protected":false},"author":1,"featured_media":0,"parent":0,"menu_order":86,"comment_status":"closed","ping_status":"closed","template":"","meta":{"_acf_changed":false,"footnotes":""},"class_list":["post-2670","page","type-page","status-publish","hentry"],"acf":[],"yoast_head":"<!-- This site is optimized with the Yoast SEO plugin v27.2 - https:\/\/yoast.com\/product\/yoast-seo-wordpress\/ -->\n<title>Umreifungsrollen zum binden von ballen - Macfab<\/title>\n<meta name=\"description\" content=\"Umreifungsrollen zum Binden von Ballen. Besonders geeignet zum Umreifen und B\u00fcndeln von Pressballen aus Pappe und Kunststoff.\" \/>\n<meta name=\"robots\" content=\"index, follow, max-snippet:-1, max-image-preview:large, max-video-preview:-1\" \/>\n<link rel=\"canonical\" href=\"https:\/\/macfab.nl\/de\/umreifungsrollen-zum-binden-von-ballen\/\" \/>\n<meta property=\"og:locale\" content=\"de_DE\" \/>\n<meta property=\"og:type\" content=\"article\" \/>\n<meta property=\"og:title\" content=\"Umreifungsrollen zum binden von ballen - Macfab\" \/>\n<meta property=\"og:description\" content=\"Umreifungsrollen zum Binden von Ballen. Besonders geeignet zum Umreifen und B\u00fcndeln von Pressballen aus Pappe und Kunststoff.\" \/>\n<meta property=\"og:url\" content=\"https:\/\/macfab.nl\/de\/umreifungsrollen-zum-binden-von-ballen\/\" \/>\n<meta property=\"og:site_name\" content=\"Macfab\" \/>\n<meta property=\"article:modified_time\" content=\"2026-03-19T12:53:05+00:00\" \/>\n<meta name=\"twitter:card\" content=\"summary_large_image\" \/>\n<meta name=\"twitter:label1\" content=\"Est. reading time\" \/>\n\t<meta name=\"twitter:data1\" content=\"1 minute\" \/>\n<script type=\"application\/ld+json\" class=\"yoast-schema-graph\">{\"@context\":\"https:\/\/schema.org\",\"@graph\":[{\"@type\":\"WebPage\",\"@id\":\"https:\/\/macfab.nl\/de\/umreifungsrollen-zum-binden-von-ballen\/\",\"url\":\"https:\/\/macfab.nl\/de\/umreifungsrollen-zum-binden-von-ballen\/\",\"name\":\"Umreifungsrollen zum binden von ballen - Macfab\",\"isPartOf\":{\"@id\":\"https:\/\/macfab.nl\/de\/#website\"},\"datePublished\":\"2023-07-10T13:22:06+00:00\",\"dateModified\":\"2026-03-19T12:53:05+00:00\",\"description\":\"Umreifungsrollen zum Binden von Ballen. Besonders geeignet zum Umreifen und B\u00fcndeln von Pressballen aus Pappe und Kunststoff.\",\"breadcrumb\":{\"@id\":\"https:\/\/macfab.nl\/de\/umreifungsrollen-zum-binden-von-ballen\/#breadcrumb\"},\"inLanguage\":\"de-DE\",\"potentialAction\":[{\"@type\":\"ReadAction\",\"target\":[\"https:\/\/macfab.nl\/de\/umreifungsrollen-zum-binden-von-ballen\/\"]}]},{\"@type\":\"BreadcrumbList\",\"@id\":\"https:\/\/macfab.nl\/de\/umreifungsrollen-zum-binden-von-ballen\/#breadcrumb\",\"itemListElement\":[{\"@type\":\"ListItem\",\"position\":1,\"name\":\"Home\",\"item\":\"https:\/\/macfab.nl\/de\/\"},{\"@type\":\"ListItem\",\"position\":2,\"name\":\"Umreifungsrollen zum binden von ballen\"}]},{\"@type\":\"WebSite\",\"@id\":\"https:\/\/macfab.nl\/de\/#website\",\"url\":\"https:\/\/macfab.nl\/de\/\",\"name\":\"Macfab\",\"description\":\"Mehr Platz und eine saubere Arbeitsumgebung\",\"publisher\":{\"@id\":\"https:\/\/macfab.nl\/de\/#organization\"},\"potentialAction\":[{\"@type\":\"SearchAction\",\"target\":{\"@type\":\"EntryPoint\",\"urlTemplate\":\"https:\/\/macfab.nl\/de\/?s={search_term_string}\"},\"query-input\":{\"@type\":\"PropertyValueSpecification\",\"valueRequired\":true,\"valueName\":\"search_term_string\"}}],\"inLanguage\":\"de-DE\"},{\"@type\":\"Organization\",\"@id\":\"https:\/\/macfab.nl\/de\/#organization\",\"name\":\"Macfab\",\"url\":\"https:\/\/macfab.nl\/de\/\",\"logo\":{\"@type\":\"ImageObject\",\"inLanguage\":\"de-DE\",\"@id\":\"https:\/\/macfab.nl\/de\/#\/schema\/logo\/image\/\",\"url\":\"https:\/\/macfab.nl\/app\/uploads\/2024\/01\/logo.png\",\"contentUrl\":\"https:\/\/macfab.nl\/app\/uploads\/2024\/01\/logo.png\",\"width\":1181,\"height\":425,\"caption\":\"Macfab\"},\"image\":{\"@id\":\"https:\/\/macfab.nl\/de\/#\/schema\/logo\/image\/\"}}]}<\/script>\n<!-- \/ Yoast SEO plugin. -->","yoast_head_json":{"title":"Umreifungsrollen zum binden von ballen - Macfab","description":"Umreifungsrollen zum Binden von Ballen. Besonders geeignet zum Umreifen und B\u00fcndeln von Pressballen aus Pappe und Kunststoff.","robots":{"index":"index","follow":"follow","max-snippet":"max-snippet:-1","max-image-preview":"max-image-preview:large","max-video-preview":"max-video-preview:-1"},"canonical":"https:\/\/macfab.nl\/de\/umreifungsrollen-zum-binden-von-ballen\/","og_locale":"de_DE","og_type":"article","og_title":"Umreifungsrollen zum binden von ballen - Macfab","og_description":"Umreifungsrollen zum Binden von Ballen. Besonders geeignet zum Umreifen und B\u00fcndeln von Pressballen aus Pappe und Kunststoff.","og_url":"https:\/\/macfab.nl\/de\/umreifungsrollen-zum-binden-von-ballen\/","og_site_name":"Macfab","article_modified_time":"2026-03-19T12:53:05+00:00","twitter_card":"summary_large_image","twitter_misc":{"Est. reading time":"1 minute"},"schema":{"@context":"https:\/\/schema.org","@graph":[{"@type":"WebPage","@id":"https:\/\/macfab.nl\/de\/umreifungsrollen-zum-binden-von-ballen\/","url":"https:\/\/macfab.nl\/de\/umreifungsrollen-zum-binden-von-ballen\/","name":"Umreifungsrollen zum binden von ballen - Macfab","isPartOf":{"@id":"https:\/\/macfab.nl\/de\/#website"},"datePublished":"2023-07-10T13:22:06+00:00","dateModified":"2026-03-19T12:53:05+00:00","description":"Umreifungsrollen zum Binden von Ballen. Besonders geeignet zum Umreifen und B\u00fcndeln von Pressballen aus Pappe und Kunststoff.","breadcrumb":{"@id":"https:\/\/macfab.nl\/de\/umreifungsrollen-zum-binden-von-ballen\/#breadcrumb"},"inLanguage":"de-DE","potentialAction":[{"@type":"ReadAction","target":["https:\/\/macfab.nl\/de\/umreifungsrollen-zum-binden-von-ballen\/"]}]},{"@type":"BreadcrumbList","@id":"https:\/\/macfab.nl\/de\/umreifungsrollen-zum-binden-von-ballen\/#breadcrumb","itemListElement":[{"@type":"ListItem","position":1,"name":"Home","item":"https:\/\/macfab.nl\/de\/"},{"@type":"ListItem","position":2,"name":"Umreifungsrollen zum binden von ballen"}]},{"@type":"WebSite","@id":"https:\/\/macfab.nl\/de\/#website","url":"https:\/\/macfab.nl\/de\/","name":"Macfab","description":"Mehr Platz und eine saubere Arbeitsumgebung","publisher":{"@id":"https:\/\/macfab.nl\/de\/#organization"},"potentialAction":[{"@type":"SearchAction","target":{"@type":"EntryPoint","urlTemplate":"https:\/\/macfab.nl\/de\/?s={search_term_string}"},"query-input":{"@type":"PropertyValueSpecification","valueRequired":true,"valueName":"search_term_string"}}],"inLanguage":"de-DE"},{"@type":"Organization","@id":"https:\/\/macfab.nl\/de\/#organization","name":"Macfab","url":"https:\/\/macfab.nl\/de\/","logo":{"@type":"ImageObject","inLanguage":"de-DE","@id":"https:\/\/macfab.nl\/de\/#\/schema\/logo\/image\/","url":"https:\/\/macfab.nl\/app\/uploads\/2024\/01\/logo.png","contentUrl":"https:\/\/macfab.nl\/app\/uploads\/2024\/01\/logo.png","width":1181,"height":425,"caption":"Macfab"},"image":{"@id":"https:\/\/macfab.nl\/de\/#\/schema\/logo\/image\/"}}]}},"_links":{"self":[{"href":"https:\/\/macfab.nl\/de\/wp-json\/wp\/v2\/pages\/2670","targetHints":{"allow":["GET"]}}],"collection":[{"href":"https:\/\/macfab.nl\/de\/wp-json\/wp\/v2\/pages"}],"about":[{"href":"https:\/\/macfab.nl\/de\/wp-json\/wp\/v2\/types\/page"}],"author":[{"embeddable":true,"href":"https:\/\/macfab.nl\/de\/wp-json\/wp\/v2\/users\/1"}],"replies":[{"embeddable":true,"href":"https:\/\/macfab.nl\/de\/wp-json\/wp\/v2\/comments?post=2670"}],"version-history":[{"count":3,"href":"https:\/\/macfab.nl\/de\/wp-json\/wp\/v2\/pages\/2670\/revisions"}],"predecessor-version":[{"id":2881,"href":"https:\/\/macfab.nl\/de\/wp-json\/wp\/v2\/pages\/2670\/revisions\/2881"}],"wp:attachment":[{"href":"https:\/\/macfab.nl\/de\/wp-json\/wp\/v2\/media?parent=2670"}],"curies":[{"name":"wp","href":"https:\/\/api.w.org\/{rel}","templated":true}]}}