{"id":2609,"date":"2023-06-13T12:13:56","date_gmt":"2023-06-13T10:13:56","guid":{"rendered":"https:\/\/macfab.nl\/balenpersen\/"},"modified":"2026-03-19T16:29:33","modified_gmt":"2026-03-19T15:29:33","slug":"ballenpressen","status":"publish","type":"page","link":"https:\/\/macfab.nl\/de\/ballenpressen\/","title":{"rendered":"Ballenpressen f\u00fcr Pappe, Kunststoff und andere Industrieabf\u00e4lle"},"content":{"rendered":"\n<h3 class=\"wp-block-heading\">Eine Ballenpresse f\u00fcr Pappe, Plastik, Folie oder andere Industrieabf\u00e4lle nimmt Ihnen nicht nur die Arbeit ab \u2013 Sie m\u00fcssen die Pappe nicht mehr selbst zerkleinern, bevor sie in den Container gelangt, sondern sie bietet auch Platz.<\/h3>\n<div class=\"block-products-by-category\">\n        <div class=\"my-14 grid grid-cols-1 gap-5 sm:grid-cols-2 md:gap-9 lg:grid-cols-3 xl:grid-cols-4\">\n                            <a href=\"https:\/\/macfab.nl\/de\/produkte\/ballenpresse-40\/\" title=\"Ballenpresse 40\" class=\"flex flex-col gap-4 bg-white px-6 py-6 drop-shadow-2xl\">\n                    <img decoding=\"async\" src=\"https:\/\/macfab.nl\/app\/uploads\/2023\/08\/Balenpers-40-folie-deur-open-aspect-ratio-250-230.jpg\" alt=\"Ballenpresse 40\">\n                    <h3 class=\"!mb-0\">\n                        Ballenpresse 40\n                    <\/h3>\n                <\/a>\n                            <a href=\"https:\/\/macfab.nl\/de\/produkte\/ballenpresse-75\/\" title=\"Ballenpresse 75\" class=\"flex flex-col gap-4 bg-white px-6 py-6 drop-shadow-2xl\">\n                    <img decoding=\"async\" src=\"https:\/\/macfab.nl\/app\/uploads\/2023\/08\/balenpers-75-auto-e1692712152160-aspect-ratio-250-230.jpg\" alt=\"Ballenpresse 75\">\n                    <h3 class=\"!mb-0\">\n                        Ballenpresse 75\n                    <\/h3>\n                <\/a>\n                            <a href=\"https:\/\/macfab.nl\/de\/produkte\/mehrkammernpresse-75\/\" title=\"Mehrkammernpresse 75\" class=\"flex flex-col gap-4 bg-white px-6 py-6 drop-shadow-2xl\">\n                    <img decoding=\"async\" src=\"https:\/\/macfab.nl\/app\/uploads\/2023\/08\/3-kamerpers-aspect-ratio-250-230-1024x942.jpg\" alt=\"Mehrkammernpresse 75\">\n                    <h3 class=\"!mb-0\">\n                        Mehrkammernpresse 75\n                    <\/h3>\n                <\/a>\n                            <a href=\"https:\/\/macfab.nl\/de\/produkte\/ballenpresse-100\/\" title=\"Ballenpresse 100\" class=\"flex flex-col gap-4 bg-white px-6 py-6 drop-shadow-2xl\">\n                    <img decoding=\"async\" src=\"https:\/\/macfab.nl\/app\/uploads\/2023\/08\/100-baler-1-scaled-aspect-ratio-250-230-1024x942.jpg\" alt=\"Ballenpresse 100\">\n                    <h3 class=\"!mb-0\">\n                        Ballenpresse 100\n                    <\/h3>\n                <\/a>\n                            <a href=\"https:\/\/macfab.nl\/de\/produkte\/mehrkammernpresse-200\/\" title=\"Mehrkammernpresse 200\" class=\"flex flex-col gap-4 bg-white px-6 py-6 drop-shadow-2xl\">\n                    <img decoding=\"async\" src=\"https:\/\/macfab.nl\/app\/uploads\/2023\/08\/200_multi_baler-1-aspect-ratio-250-230.jpg\" alt=\"Mehrkammernpresse 200\">\n                    <h3 class=\"!mb-0\">\n                        Mehrkammernpresse 200\n                    <\/h3>\n                <\/a>\n                            <a href=\"https:\/\/macfab.nl\/de\/produkte\/ballenpresse-250\/\" title=\"Ballenpresse 250\" class=\"flex flex-col gap-4 bg-white px-6 py-6 drop-shadow-2xl\">\n                    <img decoding=\"async\" src=\"https:\/\/macfab.nl\/app\/uploads\/2023\/10\/Balenpers-450-HD-aspect-ratio-250-230-1024x942.jpg\" alt=\"Ballenpresse 250\">\n                    <h3 class=\"!mb-0\">\n                        Ballenpresse 250\n                    <\/h3>\n                <\/a>\n                            <a href=\"https:\/\/macfab.nl\/de\/produkte\/ballenpresse-450\/\" title=\"Ballenpresse 450\" class=\"flex flex-col gap-4 bg-white px-6 py-6 drop-shadow-2xl\">\n                    <img decoding=\"async\" src=\"https:\/\/macfab.nl\/app\/uploads\/2023\/08\/Balenpers-450-HD-aspect-ratio-250-230-1024x942.jpg\" alt=\"Ballenpresse 450\">\n                    <h3 class=\"!mb-0\">\n                        Ballenpresse 450\n                    <\/h3>\n                <\/a>\n                            <a href=\"https:\/\/macfab.nl\/de\/produkte\/ballenpresse-450-hd\/\" title=\"Ballenpresse 450 HD\" class=\"flex flex-col gap-4 bg-white px-6 py-6 drop-shadow-2xl\">\n                    <img decoding=\"async\" src=\"https:\/\/macfab.nl\/app\/uploads\/2023\/10\/Balenpers450hd-open-voorkant-aspect-ratio-250-230-1024x942.jpg\" alt=\"Ballenpresse 450 HD\">\n                    <h3 class=\"!mb-0\">\n                        Ballenpresse 450 HD\n                    <\/h3>\n                <\/a>\n                            <a href=\"https:\/\/macfab.nl\/de\/produkte\/ballenpresse-550\/\" title=\"Ballenpresse 550\" class=\"flex flex-col gap-4 bg-white px-6 py-6 drop-shadow-2xl\">\n                    <img decoding=\"async\" src=\"https:\/\/macfab.nl\/app\/uploads\/2023\/08\/550_baler-1-1-aspect-ratio-250-230.jpg\" alt=\"Ballenpresse 550\">\n                    <h3 class=\"!mb-0\">\n                        Ballenpresse 550\n                    <\/h3>\n                <\/a>\n                            <a href=\"https:\/\/macfab.nl\/de\/produkte\/ballenpresse-550-hd\/\" title=\"Ballenpresse 550 HD\" class=\"flex flex-col gap-4 bg-white px-6 py-6 drop-shadow-2xl\">\n                    <img decoding=\"async\" src=\"https:\/\/macfab.nl\/app\/uploads\/2023\/08\/550-baler-1-aspect-ratio-250-230.jpg\" alt=\"Ballenpresse 550 HD\">\n                    <h3 class=\"!mb-0\">\n                        Ballenpresse 550 HD\n                    <\/h3>\n                <\/a>\n                            <a href=\"https:\/\/macfab.nl\/de\/produkte\/ballenpresse-650\/\" title=\"Ballenpresse 650\" class=\"flex flex-col gap-4 bg-white px-6 py-6 drop-shadow-2xl\">\n                    <img decoding=\"async\" src=\"https:\/\/macfab.nl\/app\/uploads\/2023\/08\/650-baler-2-aspect-ratio-250-230.jpg\" alt=\"Ballenpresse 650\">\n                    <h3 class=\"!mb-0\">\n                        Ballenpresse 650\n                    <\/h3>\n                <\/a>\n                            <a href=\"https:\/\/macfab.nl\/de\/produkte\/ballenpresse-lh300\/\" title=\"Ballenpresse LH300\" class=\"flex flex-col gap-4 bg-white px-6 py-6 drop-shadow-2xl\">\n                    <img decoding=\"async\" src=\"https:\/\/macfab.nl\/app\/uploads\/2023\/08\/LH300-baler-1-aspect-ratio-250-230.jpg\" alt=\"Ballenpresse LH300\">\n                    <h3 class=\"!mb-0\">\n                        Ballenpresse LH300\n                    <\/h3>\n                <\/a>\n                            <a href=\"https:\/\/macfab.nl\/de\/produkte\/ballenpresse-lh500\/\" title=\"Ballenpresse LH500\" class=\"flex flex-col gap-4 bg-white px-6 py-6 drop-shadow-2xl\">\n                    <img decoding=\"async\" src=\"https:\/\/macfab.nl\/app\/uploads\/2023\/08\/LH500-baler-2-aspect-ratio-250-230-1.jpg\" alt=\"Ballenpresse LH500\">\n                    <h3 class=\"!mb-0\">\n                        Ballenpresse LH500\n                    <\/h3>\n                <\/a>\n                    <\/div>\n    <\/div>\n\n<h3 class=\"wp-block-heading\"><strong>Een balenpers kan de afvalhoeveelheid plastic tot maar liefst 90% verminderen. Resultaat? <\/strong><\/h3>\n\n<p><strong>Lagere afvalverwijderingskosten, meer ruimte en een schonere en veiligere werkomgeving.<\/strong><\/p>\n\n<p>Vorteile einer Ballenpresse<\/p>\n\n<ul class=\"wp-block-list vinkjes\">\n<li>Die Trennung von Plastik und Pappe spart Geld<\/li>\n\n\n\n<li>Noch mehr bringt die Reduzierung der Abfallmenge<\/li>\n\n\n\n<li>Mit einer Ballenpresse ben\u00f6tigen Sie weniger Platz und der Arbeitsplatz ist aufger\u00e4umt<\/li>\n\n\n\n<li>Umweltbewusstere Verarbeitung von Industrieabf\u00e4llen<\/li>\n<\/ul>\n\n<p><strong>HEEFT U EEN BALENPERS VOOR KARTON NODIG?<\/strong><br\/>Bent u op zoek naar een balenpers voor karton? Bij Macfab bent u aan het juiste adres. Wij hebben een breed assortiment aan balenpersen en andere machines voor het comprimeren van bedrijfsafval zoals karton en plastic. Weet U niet precies welke oplossing voor U de beste is, Macfab neemt uw zorgen uit handen. Laat ons weten wat U aan karton of plasticafval heeft en wij zorgen voor een aanbieding op maat. Wij importeren MACFAB balenpersen en hebben daarnaast een groot aanbod in machines en producten die de werkomgeving verbeteren op het gebied van ergonomie, veiligheid, orde en het milieu. <\/p>\n\n<p>Naast onze balenpersen voor karton en plastic bedrijfsafval hebben wij onder meer ook flessenbrekers voor glas, vatenpersen om vaten te persen, en mobiele afvalpersen. Maar ook voor restafval en keukenafval hebben afvalpersen. Zoals een containerpers die het afval direct in de container aan drukt. En de zakkenpers die meerdere afvalzakken in \u00e9\u00e9n zak samen perst. Bijna al het bedrijfsafval kan gecomprimeerd worden.<\/p>\n\n<p>Lees ook het artikel: <a href=\"https:\/\/macfab.nl\/informatief\/karton-en-papierbedrijfsafval\/\">Karton en papierbedrijfsafval: Wat zijn de mogelijke oplossingen voor het beheer van karton bedrijfsafval <\/a><\/p>\n\n<p><strong>Hebben wij uw interesse gewekt?<\/strong><br\/>Bent u nieuwsgierig naar onze werkwijze en wilt u meer informatie? Neem contact met ons op via het contactformulier op onze website of telefonisch door te bellen naar <strong>+31 618062810<\/strong>. Heeft u interesse in onze balenpersen of andere producten, en wilt u direct een offerte aanvragen? Dat kan eveneens door het offerteformulier in te vullen.<\/p>\n\n<p><\/p>\n","protected":false},"excerpt":{"rendered":"<p>Eine Ballenpresse f\u00fcr Pappe, Plastik, Folie oder andere Industrieabf\u00e4lle nimmt Ihnen nicht nur die Arbeit ab \u2013 Sie m\u00fcssen die Pappe nicht mehr selbst zerkleinern, bevor sie in den Container gelangt, sondern sie bietet auch Platz. Een balenpers kan de afvalhoeveelheid plastic tot maar liefst 90% verminderen. Resultaat? Lagere afvalverwijderingskosten, meer ruimte en een schonere &hellip; <a href=\"https:\/\/macfab.nl\/de\/ballenpressen\/\">Continued<\/a><\/p>\n","protected":false},"author":1,"featured_media":0,"parent":0,"menu_order":93,"comment_status":"closed","ping_status":"closed","template":"","meta":{"_acf_changed":false,"footnotes":""},"class_list":["post-2609","page","type-page","status-publish","hentry"],"acf":[],"yoast_head":"<!-- This site is optimized with the Yoast SEO plugin v27.2 - https:\/\/yoast.com\/product\/yoast-seo-wordpress\/ -->\n<title>Ballenpressen f\u00fcr Pappe, Kunststoff und andere Industrieabf\u00e4lle - Macfab<\/title>\n<meta name=\"description\" content=\"Suchen Sie eine Ballenpresse f\u00fcr Karton? Bei Macfab sind Sie genau richtig. Wir haben eine gro\u00dfe Auswahl an Ballenpressen\" \/>\n<meta name=\"robots\" content=\"index, follow, max-snippet:-1, max-image-preview:large, max-video-preview:-1\" \/>\n<link rel=\"canonical\" href=\"https:\/\/macfab.nl\/de\/ballenpressen\/\" \/>\n<meta property=\"og:locale\" content=\"de_DE\" \/>\n<meta property=\"og:type\" content=\"article\" \/>\n<meta property=\"og:title\" content=\"Ballenpressen f\u00fcr Pappe, Kunststoff und andere Industrieabf\u00e4lle - Macfab\" \/>\n<meta property=\"og:description\" content=\"Suchen Sie eine Ballenpresse f\u00fcr Karton? Bei Macfab sind Sie genau richtig. Wir haben eine gro\u00dfe Auswahl an Ballenpressen\" \/>\n<meta property=\"og:url\" content=\"https:\/\/macfab.nl\/de\/ballenpressen\/\" \/>\n<meta property=\"og:site_name\" content=\"Macfab\" \/>\n<meta property=\"article:modified_time\" content=\"2026-03-19T15:29:33+00:00\" \/>\n<meta name=\"twitter:card\" content=\"summary_large_image\" \/>\n<meta name=\"twitter:label1\" content=\"Est. reading time\" \/>\n\t<meta name=\"twitter:data1\" content=\"2 minutes\" \/>\n<script type=\"application\/ld+json\" class=\"yoast-schema-graph\">{\"@context\":\"https:\/\/schema.org\",\"@graph\":[{\"@type\":\"WebPage\",\"@id\":\"https:\/\/macfab.nl\/de\/ballenpressen\/\",\"url\":\"https:\/\/macfab.nl\/de\/ballenpressen\/\",\"name\":\"Ballenpressen f\u00fcr Pappe, Kunststoff und andere Industrieabf\u00e4lle - Macfab\",\"isPartOf\":{\"@id\":\"https:\/\/macfab.nl\/de\/#website\"},\"datePublished\":\"2023-06-13T10:13:56+00:00\",\"dateModified\":\"2026-03-19T15:29:33+00:00\",\"description\":\"Suchen Sie eine Ballenpresse f\u00fcr Karton? Bei Macfab sind Sie genau richtig. Wir haben eine gro\u00dfe Auswahl an Ballenpressen\",\"breadcrumb\":{\"@id\":\"https:\/\/macfab.nl\/de\/ballenpressen\/#breadcrumb\"},\"inLanguage\":\"de-DE\",\"potentialAction\":[{\"@type\":\"ReadAction\",\"target\":[\"https:\/\/macfab.nl\/de\/ballenpressen\/\"]}]},{\"@type\":\"BreadcrumbList\",\"@id\":\"https:\/\/macfab.nl\/de\/ballenpressen\/#breadcrumb\",\"itemListElement\":[{\"@type\":\"ListItem\",\"position\":1,\"name\":\"Home\",\"item\":\"https:\/\/macfab.nl\/de\/\"},{\"@type\":\"ListItem\",\"position\":2,\"name\":\"Ballenpressen f\u00fcr Pappe, Kunststoff und andere Industrieabf\u00e4lle\"}]},{\"@type\":\"WebSite\",\"@id\":\"https:\/\/macfab.nl\/de\/#website\",\"url\":\"https:\/\/macfab.nl\/de\/\",\"name\":\"Macfab\",\"description\":\"Mehr Platz und eine saubere Arbeitsumgebung\",\"publisher\":{\"@id\":\"https:\/\/macfab.nl\/de\/#organization\"},\"potentialAction\":[{\"@type\":\"SearchAction\",\"target\":{\"@type\":\"EntryPoint\",\"urlTemplate\":\"https:\/\/macfab.nl\/de\/?s={search_term_string}\"},\"query-input\":{\"@type\":\"PropertyValueSpecification\",\"valueRequired\":true,\"valueName\":\"search_term_string\"}}],\"inLanguage\":\"de-DE\"},{\"@type\":\"Organization\",\"@id\":\"https:\/\/macfab.nl\/de\/#organization\",\"name\":\"Macfab\",\"url\":\"https:\/\/macfab.nl\/de\/\",\"logo\":{\"@type\":\"ImageObject\",\"inLanguage\":\"de-DE\",\"@id\":\"https:\/\/macfab.nl\/de\/#\/schema\/logo\/image\/\",\"url\":\"https:\/\/macfab.nl\/app\/uploads\/2024\/01\/logo.png\",\"contentUrl\":\"https:\/\/macfab.nl\/app\/uploads\/2024\/01\/logo.png\",\"width\":1181,\"height\":425,\"caption\":\"Macfab\"},\"image\":{\"@id\":\"https:\/\/macfab.nl\/de\/#\/schema\/logo\/image\/\"}}]}<\/script>\n<!-- \/ Yoast SEO plugin. -->","yoast_head_json":{"title":"Ballenpressen f\u00fcr Pappe, Kunststoff und andere Industrieabf\u00e4lle - Macfab","description":"Suchen Sie eine Ballenpresse f\u00fcr Karton? Bei Macfab sind Sie genau richtig. Wir haben eine gro\u00dfe Auswahl an Ballenpressen","robots":{"index":"index","follow":"follow","max-snippet":"max-snippet:-1","max-image-preview":"max-image-preview:large","max-video-preview":"max-video-preview:-1"},"canonical":"https:\/\/macfab.nl\/de\/ballenpressen\/","og_locale":"de_DE","og_type":"article","og_title":"Ballenpressen f\u00fcr Pappe, Kunststoff und andere Industrieabf\u00e4lle - Macfab","og_description":"Suchen Sie eine Ballenpresse f\u00fcr Karton? Bei Macfab sind Sie genau richtig. Wir haben eine gro\u00dfe Auswahl an Ballenpressen","og_url":"https:\/\/macfab.nl\/de\/ballenpressen\/","og_site_name":"Macfab","article_modified_time":"2026-03-19T15:29:33+00:00","twitter_card":"summary_large_image","twitter_misc":{"Est. reading time":"2 minutes"},"schema":{"@context":"https:\/\/schema.org","@graph":[{"@type":"WebPage","@id":"https:\/\/macfab.nl\/de\/ballenpressen\/","url":"https:\/\/macfab.nl\/de\/ballenpressen\/","name":"Ballenpressen f\u00fcr Pappe, Kunststoff und andere Industrieabf\u00e4lle - Macfab","isPartOf":{"@id":"https:\/\/macfab.nl\/de\/#website"},"datePublished":"2023-06-13T10:13:56+00:00","dateModified":"2026-03-19T15:29:33+00:00","description":"Suchen Sie eine Ballenpresse f\u00fcr Karton? Bei Macfab sind Sie genau richtig. Wir haben eine gro\u00dfe Auswahl an Ballenpressen","breadcrumb":{"@id":"https:\/\/macfab.nl\/de\/ballenpressen\/#breadcrumb"},"inLanguage":"de-DE","potentialAction":[{"@type":"ReadAction","target":["https:\/\/macfab.nl\/de\/ballenpressen\/"]}]},{"@type":"BreadcrumbList","@id":"https:\/\/macfab.nl\/de\/ballenpressen\/#breadcrumb","itemListElement":[{"@type":"ListItem","position":1,"name":"Home","item":"https:\/\/macfab.nl\/de\/"},{"@type":"ListItem","position":2,"name":"Ballenpressen f\u00fcr Pappe, Kunststoff und andere Industrieabf\u00e4lle"}]},{"@type":"WebSite","@id":"https:\/\/macfab.nl\/de\/#website","url":"https:\/\/macfab.nl\/de\/","name":"Macfab","description":"Mehr Platz und eine saubere Arbeitsumgebung","publisher":{"@id":"https:\/\/macfab.nl\/de\/#organization"},"potentialAction":[{"@type":"SearchAction","target":{"@type":"EntryPoint","urlTemplate":"https:\/\/macfab.nl\/de\/?s={search_term_string}"},"query-input":{"@type":"PropertyValueSpecification","valueRequired":true,"valueName":"search_term_string"}}],"inLanguage":"de-DE"},{"@type":"Organization","@id":"https:\/\/macfab.nl\/de\/#organization","name":"Macfab","url":"https:\/\/macfab.nl\/de\/","logo":{"@type":"ImageObject","inLanguage":"de-DE","@id":"https:\/\/macfab.nl\/de\/#\/schema\/logo\/image\/","url":"https:\/\/macfab.nl\/app\/uploads\/2024\/01\/logo.png","contentUrl":"https:\/\/macfab.nl\/app\/uploads\/2024\/01\/logo.png","width":1181,"height":425,"caption":"Macfab"},"image":{"@id":"https:\/\/macfab.nl\/de\/#\/schema\/logo\/image\/"}}]}},"_links":{"self":[{"href":"https:\/\/macfab.nl\/de\/wp-json\/wp\/v2\/pages\/2609","targetHints":{"allow":["GET"]}}],"collection":[{"href":"https:\/\/macfab.nl\/de\/wp-json\/wp\/v2\/pages"}],"about":[{"href":"https:\/\/macfab.nl\/de\/wp-json\/wp\/v2\/types\/page"}],"author":[{"embeddable":true,"href":"https:\/\/macfab.nl\/de\/wp-json\/wp\/v2\/users\/1"}],"replies":[{"embeddable":true,"href":"https:\/\/macfab.nl\/de\/wp-json\/wp\/v2\/comments?post=2609"}],"version-history":[{"count":3,"href":"https:\/\/macfab.nl\/de\/wp-json\/wp\/v2\/pages\/2609\/revisions"}],"predecessor-version":[{"id":3237,"href":"https:\/\/macfab.nl\/de\/wp-json\/wp\/v2\/pages\/2609\/revisions\/3237"}],"wp:attachment":[{"href":"https:\/\/macfab.nl\/de\/wp-json\/wp\/v2\/media?parent=2609"}],"curies":[{"name":"wp","href":"https:\/\/api.w.org\/{rel}","templated":true}]}}