{"id":2599,"date":"2023-07-06T11:20:25","date_gmt":"2023-07-06T09:20:25","guid":{"rendered":"https:\/\/macfab.nl\/afvalpersen\/"},"modified":"2026-03-19T13:53:06","modified_gmt":"2026-03-19T12:53:06","slug":"muellpresse","status":"publish","type":"page","link":"https:\/\/macfab.nl\/de\/muellpresse\/","title":{"rendered":"M\u00fcllpresse"},"content":{"rendered":"\n<p class=\"has-lg-font-size\">Alles \u00fcber M\u00fcllpressen: Effizienz, Einsatzm\u00f6glichkeiten und Vorteile f\u00fcr eine nachhaltige Abfallwirtschaft<\/p>\n<div class=\"block-products-by-category\">\n        <div class=\"my-14 grid grid-cols-1 gap-5 sm:grid-cols-2 md:gap-9 lg:grid-cols-3 xl:grid-cols-4\">\n                            <a href=\"https:\/\/macfab.nl\/de\/produkte\/muellsackpresse\/\" title=\"M\u00fcllsackpresse\" class=\"flex flex-col gap-4 bg-white px-6 py-6 drop-shadow-2xl\">\n                    <img decoding=\"async\" src=\"https:\/\/macfab.nl\/app\/uploads\/2023\/08\/zakkenpers-open-aspect-ratio-250-230.jpg\" alt=\"M\u00fcllsackpresse\">\n                    <h3 class=\"!mb-0\">\n                        M\u00fcllsackpresse\n                    <\/h3>\n                <\/a>\n                            <a href=\"https:\/\/macfab.nl\/de\/produkte\/1100-muellpresse\/\" title=\"1100 M\u00fcllpresse\" class=\"flex flex-col gap-4 bg-white px-6 py-6 drop-shadow-2xl\">\n                    <img decoding=\"async\" src=\"https:\/\/macfab.nl\/app\/uploads\/2023\/08\/containerpers-1000-liter-aspect-ratio-250-230.jpg\" alt=\"1100 M\u00fcllpresse\">\n                    <h3 class=\"!mb-0\">\n                        1100 M\u00fcllpresse\n                    <\/h3>\n                <\/a>\n                            <a href=\"https:\/\/macfab.nl\/de\/produkte\/660-muellpresse\/\" title=\"660 M\u00fcllpresse\" class=\"flex flex-col gap-4 bg-white px-6 py-6 drop-shadow-2xl\">\n                    <img decoding=\"async\" src=\"https:\/\/macfab.nl\/app\/uploads\/2023\/08\/1100-compactor-3-aspect-ratio-250-230.jpg\" alt=\"660 M\u00fcllpresse\">\n                    <h3 class=\"!mb-0\">\n                        660 M\u00fcllpresse\n                    <\/h3>\n                <\/a>\n                            <a href=\"https:\/\/macfab.nl\/de\/produkte\/240-liter-abfallpresse\/\" title=\"240 Liter Abfallpresse\" class=\"flex flex-col gap-4 bg-white px-6 py-6 drop-shadow-2xl\">\n                    <img decoding=\"async\" src=\"https:\/\/macfab.nl\/app\/uploads\/2023\/08\/containerpers-240-LT-1-scaled-aspect-ratio-250-230-1024x942.jpg\" alt=\"240 Liter Abfallpresse\">\n                    <h3 class=\"!mb-0\">\n                        240 Liter Abfallpresse\n                    <\/h3>\n                <\/a>\n                            <a href=\"https:\/\/macfab.nl\/de\/produkte\/glaszerkleinerer\/\" title=\"Glaszerkleinerer\" class=\"flex flex-col gap-4 bg-white px-6 py-6 drop-shadow-2xl\">\n                    <img decoding=\"async\" src=\"https:\/\/macfab.nl\/app\/uploads\/2023\/08\/glass-crusher-aspect-ratio-250-230.jpg\" alt=\"Glaszerkleinerer\">\n                    <h3 class=\"!mb-0\">\n                        Glaszerkleinerer\n                    <\/h3>\n                <\/a>\n                            <a href=\"https:\/\/macfab.nl\/de\/produkte\/fasspresse\/\" title=\"Fasspresse\" class=\"flex flex-col gap-4 bg-white px-6 py-6 drop-shadow-2xl\">\n                    <img decoding=\"async\" src=\"https:\/\/macfab.nl\/app\/uploads\/2023\/08\/drum-crusher-aspect-ratio-250-230.jpg\" alt=\"Fasspresse\">\n                    <h3 class=\"!mb-0\">\n                        Fasspresse\n                    <\/h3>\n                <\/a>\n                    <\/div>\n    <\/div>\n\n<p>Interessiert an einer M\u00fcllpresse? Macfab verf\u00fcgt \u00fcber ein breites Sortiment an M\u00fcllpressen und anderen Maschinen zur Reduzierung des Abfallvolumens.<\/p>\n\n<p><strong>Abfall trennen und verdichten:<\/strong>&#13;\nDie Trennung von Gewerbeabf\u00e4llen f\u00f6rdert das Recycling und reduziert die Menge, die auf Deponien landet. Dies reduziert die Belastung der Umwelt und tr\u00e4gt zu einer nachhaltigeren Zukunft bei. Dar\u00fcber hinaus k\u00f6nnen durch die M\u00fclltrennung Kosten eingespart werden, indem die Wiederverwendung von Materialien gef\u00f6rdert und die Kosten f\u00fcr die Abfallentsorgung gesenkt werden.&#13;\n&#13;\n<strong>Die L\u00f6sung mit einer Macfab M\u00fcllpresse:<\/strong>&#13;\nEine M\u00fcllpresse oder Ballenpresse von Macfab kann den Prozess der Trennung und Verwertung von Gewerbeabf\u00e4llen deutlich verbessern. Durch das Komprimieren und Verpacken von Abf\u00e4llen in kompakte Ballen wird die Effizienz von Transport und Lagerung erh\u00f6ht. Dadurch verringert sich nicht nur die H\u00e4ufigkeit der M\u00fcllentsorgung, sondern auch die damit verbundenen Kosten. Dar\u00fcber hinaus erleichtert der Einsatz einer M\u00fcllpresse die Trennung verschiedener Abfallarten und steigert so die Recyclingbem\u00fchungen.<\/p>\n\n<p><strong>Bedienung der M\u00fcllpressen:<\/strong>&#13;\nM\u00fcllpressen sind Pressmaschinen zum Pressen von M\u00fcll in einen Beh\u00e4lter oder in einen M\u00fcllsack. Auf diese Weise kann mehr Abfall in den Beh\u00e4lter gegeben werden. Alternativ k\u00f6nnen mehrere Abfallbeutel zu einem Abfallbeutel komprimiert werden.&#13;\nDiese M\u00fcllpressen eignen sich beispielsweise sehr gut f\u00fcr die Gastronomie und Kantinen. Aber auch f\u00fcr den Gesundheitsbereich.&#13;\nDiese M\u00fcllpressen reduzieren das Volumen des Industrieabfalls. Dadurch nimmt es weniger Platz ein und erfordert weniger Transport.&#13;\n&#13;\n<strong>Mit diesen M\u00fcllpressen k\u00f6nnen folgende Materialien gepresst werden.<\/strong>&#13;\n&#13;\nKantinen- und B\u00fcroabf\u00e4lle. Abfallbeutel&#13;\nF\u00e4sser und Dosen&#13;\nMedizinischer Abfall&#13;\nRestm\u00fcll&#13;\nFlaschen<\/p>\n","protected":false},"excerpt":{"rendered":"<p>Alles \u00fcber M\u00fcllpressen: Effizienz, Einsatzm\u00f6glichkeiten und Vorteile f\u00fcr eine nachhaltige Abfallwirtschaft Interessiert an einer M\u00fcllpresse? Macfab verf\u00fcgt \u00fcber ein breites Sortiment an M\u00fcllpressen und anderen Maschinen zur Reduzierung des Abfallvolumens. Abfall trennen und verdichten:&#13; Die Trennung von Gewerbeabf\u00e4llen f\u00f6rdert das Recycling und reduziert die Menge, die auf Deponien landet. Dies reduziert die Belastung der Umwelt &hellip; <a href=\"https:\/\/macfab.nl\/de\/muellpresse\/\">Continued<\/a><\/p>\n","protected":false},"author":1,"featured_media":0,"parent":0,"menu_order":97,"comment_status":"closed","ping_status":"closed","template":"","meta":{"_acf_changed":false,"footnotes":""},"class_list":["post-2599","page","type-page","status-publish","hentry"],"acf":[],"yoast_head":"<!-- This site is optimized with the Yoast SEO plugin v27.2 - https:\/\/yoast.com\/product\/yoast-seo-wordpress\/ -->\n<title>M\u00fcllpresse - Macfab<\/title>\n<meta name=\"description\" content=\"M\u00fcllpressen sind Pressmaschinen zum Pressen von M\u00fcll in einen Beh\u00e4lter oder in einen M\u00fcllsack. Auf diese Weise kann mehr Abfall in den Beh\u00e4lter gegeben werden.\" \/>\n<meta name=\"robots\" content=\"index, follow, max-snippet:-1, max-image-preview:large, max-video-preview:-1\" \/>\n<link rel=\"canonical\" href=\"https:\/\/macfab.nl\/de\/muellpresse\/\" \/>\n<meta property=\"og:locale\" content=\"de_DE\" \/>\n<meta property=\"og:type\" content=\"article\" \/>\n<meta property=\"og:title\" content=\"M\u00fcllpresse - Macfab\" \/>\n<meta property=\"og:description\" content=\"M\u00fcllpressen sind Pressmaschinen zum Pressen von M\u00fcll in einen Beh\u00e4lter oder in einen M\u00fcllsack. Auf diese Weise kann mehr Abfall in den Beh\u00e4lter gegeben werden.\" \/>\n<meta property=\"og:url\" content=\"https:\/\/macfab.nl\/de\/muellpresse\/\" \/>\n<meta property=\"og:site_name\" content=\"Macfab\" \/>\n<meta property=\"article:modified_time\" content=\"2026-03-19T12:53:06+00:00\" \/>\n<meta name=\"twitter:card\" content=\"summary_large_image\" \/>\n<meta name=\"twitter:label1\" content=\"Est. reading time\" \/>\n\t<meta name=\"twitter:data1\" content=\"1 minute\" \/>\n<script type=\"application\/ld+json\" class=\"yoast-schema-graph\">{\"@context\":\"https:\/\/schema.org\",\"@graph\":[{\"@type\":\"WebPage\",\"@id\":\"https:\/\/macfab.nl\/de\/muellpresse\/\",\"url\":\"https:\/\/macfab.nl\/de\/muellpresse\/\",\"name\":\"M\u00fcllpresse - Macfab\",\"isPartOf\":{\"@id\":\"https:\/\/macfab.nl\/de\/#website\"},\"datePublished\":\"2023-07-06T09:20:25+00:00\",\"dateModified\":\"2026-03-19T12:53:06+00:00\",\"description\":\"M\u00fcllpressen sind Pressmaschinen zum Pressen von M\u00fcll in einen Beh\u00e4lter oder in einen M\u00fcllsack. Auf diese Weise kann mehr Abfall in den Beh\u00e4lter gegeben werden.\",\"breadcrumb\":{\"@id\":\"https:\/\/macfab.nl\/de\/muellpresse\/#breadcrumb\"},\"inLanguage\":\"de-DE\",\"potentialAction\":[{\"@type\":\"ReadAction\",\"target\":[\"https:\/\/macfab.nl\/de\/muellpresse\/\"]}]},{\"@type\":\"BreadcrumbList\",\"@id\":\"https:\/\/macfab.nl\/de\/muellpresse\/#breadcrumb\",\"itemListElement\":[{\"@type\":\"ListItem\",\"position\":1,\"name\":\"Home\",\"item\":\"https:\/\/macfab.nl\/de\/\"},{\"@type\":\"ListItem\",\"position\":2,\"name\":\"M\u00fcllpresse\"}]},{\"@type\":\"WebSite\",\"@id\":\"https:\/\/macfab.nl\/de\/#website\",\"url\":\"https:\/\/macfab.nl\/de\/\",\"name\":\"Macfab\",\"description\":\"Mehr Platz und eine saubere Arbeitsumgebung\",\"publisher\":{\"@id\":\"https:\/\/macfab.nl\/de\/#organization\"},\"potentialAction\":[{\"@type\":\"SearchAction\",\"target\":{\"@type\":\"EntryPoint\",\"urlTemplate\":\"https:\/\/macfab.nl\/de\/?s={search_term_string}\"},\"query-input\":{\"@type\":\"PropertyValueSpecification\",\"valueRequired\":true,\"valueName\":\"search_term_string\"}}],\"inLanguage\":\"de-DE\"},{\"@type\":\"Organization\",\"@id\":\"https:\/\/macfab.nl\/de\/#organization\",\"name\":\"Macfab\",\"url\":\"https:\/\/macfab.nl\/de\/\",\"logo\":{\"@type\":\"ImageObject\",\"inLanguage\":\"de-DE\",\"@id\":\"https:\/\/macfab.nl\/de\/#\/schema\/logo\/image\/\",\"url\":\"https:\/\/macfab.nl\/app\/uploads\/2024\/01\/logo.png\",\"contentUrl\":\"https:\/\/macfab.nl\/app\/uploads\/2024\/01\/logo.png\",\"width\":1181,\"height\":425,\"caption\":\"Macfab\"},\"image\":{\"@id\":\"https:\/\/macfab.nl\/de\/#\/schema\/logo\/image\/\"}}]}<\/script>\n<!-- \/ Yoast SEO plugin. -->","yoast_head_json":{"title":"M\u00fcllpresse - Macfab","description":"M\u00fcllpressen sind Pressmaschinen zum Pressen von M\u00fcll in einen Beh\u00e4lter oder in einen M\u00fcllsack. Auf diese Weise kann mehr Abfall in den Beh\u00e4lter gegeben werden.","robots":{"index":"index","follow":"follow","max-snippet":"max-snippet:-1","max-image-preview":"max-image-preview:large","max-video-preview":"max-video-preview:-1"},"canonical":"https:\/\/macfab.nl\/de\/muellpresse\/","og_locale":"de_DE","og_type":"article","og_title":"M\u00fcllpresse - Macfab","og_description":"M\u00fcllpressen sind Pressmaschinen zum Pressen von M\u00fcll in einen Beh\u00e4lter oder in einen M\u00fcllsack. Auf diese Weise kann mehr Abfall in den Beh\u00e4lter gegeben werden.","og_url":"https:\/\/macfab.nl\/de\/muellpresse\/","og_site_name":"Macfab","article_modified_time":"2026-03-19T12:53:06+00:00","twitter_card":"summary_large_image","twitter_misc":{"Est. reading time":"1 minute"},"schema":{"@context":"https:\/\/schema.org","@graph":[{"@type":"WebPage","@id":"https:\/\/macfab.nl\/de\/muellpresse\/","url":"https:\/\/macfab.nl\/de\/muellpresse\/","name":"M\u00fcllpresse - Macfab","isPartOf":{"@id":"https:\/\/macfab.nl\/de\/#website"},"datePublished":"2023-07-06T09:20:25+00:00","dateModified":"2026-03-19T12:53:06+00:00","description":"M\u00fcllpressen sind Pressmaschinen zum Pressen von M\u00fcll in einen Beh\u00e4lter oder in einen M\u00fcllsack. Auf diese Weise kann mehr Abfall in den Beh\u00e4lter gegeben werden.","breadcrumb":{"@id":"https:\/\/macfab.nl\/de\/muellpresse\/#breadcrumb"},"inLanguage":"de-DE","potentialAction":[{"@type":"ReadAction","target":["https:\/\/macfab.nl\/de\/muellpresse\/"]}]},{"@type":"BreadcrumbList","@id":"https:\/\/macfab.nl\/de\/muellpresse\/#breadcrumb","itemListElement":[{"@type":"ListItem","position":1,"name":"Home","item":"https:\/\/macfab.nl\/de\/"},{"@type":"ListItem","position":2,"name":"M\u00fcllpresse"}]},{"@type":"WebSite","@id":"https:\/\/macfab.nl\/de\/#website","url":"https:\/\/macfab.nl\/de\/","name":"Macfab","description":"Mehr Platz und eine saubere Arbeitsumgebung","publisher":{"@id":"https:\/\/macfab.nl\/de\/#organization"},"potentialAction":[{"@type":"SearchAction","target":{"@type":"EntryPoint","urlTemplate":"https:\/\/macfab.nl\/de\/?s={search_term_string}"},"query-input":{"@type":"PropertyValueSpecification","valueRequired":true,"valueName":"search_term_string"}}],"inLanguage":"de-DE"},{"@type":"Organization","@id":"https:\/\/macfab.nl\/de\/#organization","name":"Macfab","url":"https:\/\/macfab.nl\/de\/","logo":{"@type":"ImageObject","inLanguage":"de-DE","@id":"https:\/\/macfab.nl\/de\/#\/schema\/logo\/image\/","url":"https:\/\/macfab.nl\/app\/uploads\/2024\/01\/logo.png","contentUrl":"https:\/\/macfab.nl\/app\/uploads\/2024\/01\/logo.png","width":1181,"height":425,"caption":"Macfab"},"image":{"@id":"https:\/\/macfab.nl\/de\/#\/schema\/logo\/image\/"}}]}},"_links":{"self":[{"href":"https:\/\/macfab.nl\/de\/wp-json\/wp\/v2\/pages\/2599","targetHints":{"allow":["GET"]}}],"collection":[{"href":"https:\/\/macfab.nl\/de\/wp-json\/wp\/v2\/pages"}],"about":[{"href":"https:\/\/macfab.nl\/de\/wp-json\/wp\/v2\/types\/page"}],"author":[{"embeddable":true,"href":"https:\/\/macfab.nl\/de\/wp-json\/wp\/v2\/users\/1"}],"replies":[{"embeddable":true,"href":"https:\/\/macfab.nl\/de\/wp-json\/wp\/v2\/comments?post=2599"}],"version-history":[{"count":5,"href":"https:\/\/macfab.nl\/de\/wp-json\/wp\/v2\/pages\/2599\/revisions"}],"predecessor-version":[{"id":3058,"href":"https:\/\/macfab.nl\/de\/wp-json\/wp\/v2\/pages\/2599\/revisions\/3058"}],"wp:attachment":[{"href":"https:\/\/macfab.nl\/de\/wp-json\/wp\/v2\/media?parent=2599"}],"curies":[{"name":"wp","href":"https:\/\/api.w.org\/{rel}","templated":true}]}}