{"id":1942,"date":"2023-07-06T16:09:51","date_gmt":"2023-07-06T14:09:51","guid":{"rendered":"https:\/\/macfab.nl\/startseite\/"},"modified":"2026-03-19T13:53:10","modified_gmt":"2026-03-19T12:53:10","slug":"startseite","status":"publish","type":"page","link":"https:\/\/macfab.nl\/de\/","title":{"rendered":"Startseite"},"content":{"rendered":"<section class=\"py-8 md:py-10 xl:py-12 4xl:py-16\" id=\"macfab-container\">\n            <div class=\"container relative   w-11\/12 2xl:w-8\/12\">\n    <div class=\"flex flex-col gap-7.5 md:flex-row lg:gap-0\">\n                                                                    <div class=\"flex justify-center md:w-4\/12\">\n                            <div class=\"lg:w-8\/12 xl:w-8\/12 text-center flex flex-col gap-3\">\n                                <span class=\"text-secondary text-3xl xl:text-4xl 4xl:text-5xl block mx-auto\">\n                                    <i class=\"fa-solid fa-crystal-ball\" aria-hidden=\"true\"><\/i>\n                                <\/span>\n                                <span class=\"font-light text-base text-center lg:text-lg xl:text-xl 4xl:text-2xl\">\n                                    Gehen Sie f\u00fcr eine nachhaltige Zukunft\n                                <\/span>\n                            <\/div>\n                        <\/div>\n                                                                    <div class=\"flex justify-center md:w-4\/12\">\n                            <div class=\"lg:w-8\/12 xl:w-8\/12 text-center flex flex-col gap-3\">\n                                <span class=\"text-secondary text-3xl xl:text-4xl 4xl:text-5xl block mx-auto\">\n                                    <i class=\"fa-duotone fa-recycle\" aria-hidden=\"true\"><\/i>\n                                <\/span>\n                                <span class=\"font-light text-base text-center lg:text-lg xl:text-xl 4xl:text-2xl\">\n                                    Effiziente Verarbeitung von Industrieabf\u00e4llen\n                                <\/span>\n                            <\/div>\n                        <\/div>\n                                                                    <div class=\"flex justify-center md:w-4\/12\">\n                            <div class=\"lg:w-8\/12 xl:w-8\/12 text-center flex flex-col gap-3\">\n                                <span class=\"text-secondary text-3xl xl:text-4xl 4xl:text-5xl block mx-auto\">\n                                    <i class=\"fa-solid fa-star-of-life\" aria-hidden=\"true\"><\/i>\n                                <\/span>\n                                <span class=\"font-light text-base text-center lg:text-lg xl:text-xl 4xl:text-2xl\">\n                                    Innovative Abfallverarbeitungsmethoden\n                                <\/span>\n                            <\/div>\n                        <\/div>\n                                    <\/div>\n<\/div>        <\/section>\n    <section class=\"block-product-categories pb-10 md:pb-12 lg:pb-16 xl:pb-20\">\n            <div class=\"container relative   w-11\/12 2xl:w-8\/12\">\n    <div class=\"gap-y-12 grid grid-cols-1 lg:grid-cols-3\">\n                                            <div class=\" relative flex flex-col gap-4 px-4 py-5 md:px-5 md:py-6 lg:gap-0 lg:px-6 lg:pt-5 lg:pb-10 xl:px-8 xl:pt-8 xl:pb-16\">\n                            <div class=\"flex flex-col gap-4 lg:gap-6 xl:gap-8\">\n                                <h3 class=\"text-2xl font-bold\">\n                                    Ballenpresse\n                                <\/h3>\n                                                                    <div class=\"font-light text-base lg:text-lg xl:text-xl\">\n                                        Verdichten Sie Betriebsabfall wie Karton und Folie und erstellen Sie Ballen, die Sie verwenden k\u00f6nnen, um Platz zu sparen und Abfallkosten zu reduzieren.\n                                    <\/div>\n                                                            <\/div>\n                            <div class=\"lg:absolute lg:-bottom-6 lg:right-0\">\n                                <div>\n            <a href=\"\" class=\"inline-flex gap-3 lg:gap-4 xl:gap-6 items-center font-normal py-2 px-4 md:py-3 md:px-6 text-base xl:text-lg 4xl:text-xl text-white bg-primary  hover:bg-secondary\">\n            <span><\/span>\n                            <i class=\"fa-solid fa-angle-right\"><\/i>\n                    <\/a>\n    <\/div>                            <\/div>\n                        <\/div>\n                                            <div class=\"bg-secondary\/75 relative flex flex-col gap-4 px-4 py-5 md:px-5 md:py-6 lg:gap-0 lg:px-6 lg:pt-5 lg:pb-10 xl:px-8 xl:pt-8 xl:pb-16\">\n                            <div class=\"flex flex-col gap-4 lg:gap-6 xl:gap-8\">\n                                <h3 class=\"text-2xl font-bold\">\n                                    M\u00fcllpresse\n                                <\/h3>\n                                                                    <div class=\"font-light text-base lg:text-lg xl:text-xl\">\n                                        Wir bieten Ihnen Abfallverdichter in bester Qualit\u00e4t. Unser Produkt ist die perfekte L\u00f6sung f\u00fcr Ihre Abfallprobleme.\n                                    <\/div>\n                                                            <\/div>\n                            <div class=\"lg:absolute lg:-bottom-6 lg:right-0\">\n                                <div>\n            <a href=\"https:\/\/macfab.nl\/de\/muellpresse\/\" class=\"inline-flex gap-3 lg:gap-4 xl:gap-6 items-center font-normal py-2 px-4 md:py-3 md:px-6 text-base xl:text-lg 4xl:text-xl text-white bg-primary  hover:bg-secondary\">\n            <span>Verarbeiten Sie mehr Abfall<\/span>\n                            <i class=\"fa-solid fa-angle-right\"><\/i>\n                    <\/a>\n    <\/div>                            <\/div>\n                        <\/div>\n                                    <\/div>\n<\/div>        <\/section>\n    <section class=\"block-news flex flex-col gap-4\">\n            <div class=\"bg-white pt-6\">\n            <div class=\"w-full flex flex-col justify-center items-center gap-8 xl:gap-10\">\n            <div class=\"grid grid-cols-1 md:grid-cols-2 lg:grid-cols-3 gap-5 md:gap-6 xl:gap-8 4xl:gap-12\">\n                            <a href=\"https:\/\/macfab.nl\/de\/dauerhaft\/karton-en-papierbedrijfsafval\/\" title=\"Karton en papierbedrijfsafval: Wat zijn de mogelijke oplossingen voor het beheer van karton bedrijfsafval\" class=\"block bg-white drop-shadow-2xl\">\n                    <div class=\"relative\">\n                                                    <div class=\"bg-primary z-10 text-white py-1.5 px-5 absolute -bottom-4 left-0 uppercase shadow-xl flex gap-2\">\n                                                                    <div>\n                                        Dauerhaft\n                                    <\/div>\n                                                                    <div>\n                                        Product Information\n                                    <\/div>\n                                                            <\/div>\n                                                <img decoding=\"async\" src=\"https:\/\/macfab.nl\/app\/uploads\/2024\/05\/container-met-karton-aspect-ratio-700-400-760x420.jpg\" class=\"w-full\" alt=\"Karton en papierbedrijfsafval: Wat zijn de mogelijke oplossingen voor het beheer van karton bedrijfsafval\">\n                    <\/div>\n                    <div class=\"px-5 pt-7.5 pb-5 flex flex-col gap-3\">\n                        <div class=\"flex gap-3\">\n                            <div class=\"text-sm text-primary\">\n                                15\/05\/2024\n                            <\/div>\n                                                            <div class=\"text-gray-400 font-light text-sm\">\n                                    Leestijd 2 min\n                                <\/div>\n                                                    <\/div>\n                        <h4 class=\"text-lg xl:text-xl\">\n                            Karton en papierbedrijfsafval: Wat zijn de mogelijke oplossingen voor het beheer van karton bedrijfsafval\n                        <\/h4>\n                    <\/div>\n                <\/a>\n                            <a href=\"https:\/\/macfab.nl\/de\/dauerhaft\/effizienter-und-nachhaltiger-umgang-mit-abfaellen\/\" title=\"Effizienter und nachhaltiger Umgang mit Abf\u00e4llen\" class=\"block bg-white drop-shadow-2xl\">\n                    <div class=\"relative\">\n                                                    <div class=\"bg-primary z-10 text-white py-1.5 px-5 absolute -bottom-4 left-0 uppercase shadow-xl flex gap-2\">\n                                                                    <div>\n                                        Dauerhaft\n                                    <\/div>\n                                                            <\/div>\n                                                <img decoding=\"async\" src=\"https:\/\/macfab.nl\/app\/uploads\/2023\/08\/duurzaam-aspect-ratio-700-400.jpg\" class=\"w-full\" alt=\"Effizienter und nachhaltiger Umgang mit Abf\u00e4llen\">\n                    <\/div>\n                    <div class=\"px-5 pt-7.5 pb-5 flex flex-col gap-3\">\n                        <div class=\"flex gap-3\">\n                            <div class=\"text-sm text-primary\">\n                                31\/01\/2024\n                            <\/div>\n                                                    <\/div>\n                        <h4 class=\"text-lg xl:text-xl\">\n                            Effizienter und nachhaltiger Umgang mit Abf\u00e4llen\n                        <\/h4>\n                    <\/div>\n                <\/a>\n                    <\/div>\n                                    <div>\n            <a href=\"https:\/\/macfab.nl\/de\/neuigkeiten\/\" class=\"inline-flex gap-3 lg:gap-4 xl:gap-6 items-center font-normal py-2 px-4 md:py-3 md:px-6 text-base xl:text-lg 4xl:text-xl text-white bg-primary  hover:bg-secondary\">\n            <span>Interessante artikelen<\/span>\n                            <i class=\"fa-solid fa-angle-right\"><\/i>\n                    <\/a>\n    <\/div>                        <\/div>\n        <\/div>\n    <\/section>\n","protected":false},"excerpt":{"rendered":"","protected":false},"author":1,"featured_media":0,"parent":0,"menu_order":6,"comment_status":"closed","ping_status":"closed","template":"template-home.blade.php","meta":{"_acf_changed":false,"footnotes":""},"class_list":["post-1942","page","type-page","status-publish","hentry"],"acf":[],"yoast_head":"<!-- This site is optimized with the Yoast SEO plugin v27.5 - https:\/\/yoast.com\/product\/yoast-seo-wordpress\/ -->\n<title>Macfab - Mehr Platz und eine saubere Arbeitsumgebung<\/title>\n<meta name=\"robots\" content=\"index, follow, max-snippet:-1, max-image-preview:large, max-video-preview:-1\" \/>\n<link rel=\"canonical\" href=\"https:\/\/macfab.nl\/de\/\" \/>\n<meta property=\"og:locale\" content=\"de_DE\" \/>\n<meta property=\"og:type\" content=\"article\" \/>\n<meta property=\"og:title\" content=\"Macfab - Mehr Platz und eine saubere Arbeitsumgebung\" \/>\n<meta property=\"og:url\" content=\"https:\/\/macfab.nl\/de\/\" \/>\n<meta property=\"og:site_name\" content=\"Macfab\" \/>\n<meta property=\"article:modified_time\" content=\"2026-03-19T12:53:10+00:00\" \/>\n<meta name=\"twitter:card\" content=\"summary_large_image\" \/>\n<script type=\"application\/ld+json\" class=\"yoast-schema-graph\">{\"@context\":\"https:\\\/\\\/schema.org\",\"@graph\":[{\"@type\":\"WebPage\",\"@id\":\"https:\\\/\\\/macfab.nl\\\/de\\\/\",\"url\":\"https:\\\/\\\/macfab.nl\\\/de\\\/\",\"name\":\"Macfab - Mehr Platz und eine saubere Arbeitsumgebung\",\"isPartOf\":{\"@id\":\"https:\\\/\\\/macfab.nl\\\/de\\\/#website\"},\"datePublished\":\"2023-07-06T14:09:51+00:00\",\"dateModified\":\"2026-03-19T12:53:10+00:00\",\"breadcrumb\":{\"@id\":\"https:\\\/\\\/macfab.nl\\\/de\\\/#breadcrumb\"},\"inLanguage\":\"de-DE\",\"potentialAction\":[{\"@type\":\"ReadAction\",\"target\":[\"https:\\\/\\\/macfab.nl\\\/de\\\/\"]}]},{\"@type\":\"BreadcrumbList\",\"@id\":\"https:\\\/\\\/macfab.nl\\\/de\\\/#breadcrumb\",\"itemListElement\":[{\"@type\":\"ListItem\",\"position\":1,\"name\":\"Home\",\"item\":\"https:\\\/\\\/macfab.nl\\\/de\\\/\"},{\"@type\":\"ListItem\",\"position\":2,\"name\":\"Startseite\"}]},{\"@type\":\"WebSite\",\"@id\":\"https:\\\/\\\/macfab.nl\\\/de\\\/#website\",\"url\":\"https:\\\/\\\/macfab.nl\\\/de\\\/\",\"name\":\"Macfab\",\"description\":\"Mehr Platz und eine saubere Arbeitsumgebung\",\"publisher\":{\"@id\":\"https:\\\/\\\/macfab.nl\\\/de\\\/#organization\"},\"potentialAction\":[{\"@type\":\"SearchAction\",\"target\":{\"@type\":\"EntryPoint\",\"urlTemplate\":\"https:\\\/\\\/macfab.nl\\\/de\\\/?s={search_term_string}\"},\"query-input\":{\"@type\":\"PropertyValueSpecification\",\"valueRequired\":true,\"valueName\":\"search_term_string\"}}],\"inLanguage\":\"de-DE\"},{\"@type\":\"Organization\",\"@id\":\"https:\\\/\\\/macfab.nl\\\/de\\\/#organization\",\"name\":\"Macfab\",\"url\":\"https:\\\/\\\/macfab.nl\\\/de\\\/\",\"logo\":{\"@type\":\"ImageObject\",\"inLanguage\":\"de-DE\",\"@id\":\"https:\\\/\\\/macfab.nl\\\/de\\\/#\\\/schema\\\/logo\\\/image\\\/\",\"url\":\"https:\\\/\\\/macfab.nl\\\/app\\\/uploads\\\/2024\\\/01\\\/logo.png\",\"contentUrl\":\"https:\\\/\\\/macfab.nl\\\/app\\\/uploads\\\/2024\\\/01\\\/logo.png\",\"width\":1181,\"height\":425,\"caption\":\"Macfab\"},\"image\":{\"@id\":\"https:\\\/\\\/macfab.nl\\\/de\\\/#\\\/schema\\\/logo\\\/image\\\/\"}}]}<\/script>\n<!-- \/ Yoast SEO plugin. -->","yoast_head_json":{"title":"Macfab - Mehr Platz und eine saubere Arbeitsumgebung","robots":{"index":"index","follow":"follow","max-snippet":"max-snippet:-1","max-image-preview":"max-image-preview:large","max-video-preview":"max-video-preview:-1"},"canonical":"https:\/\/macfab.nl\/de\/","og_locale":"de_DE","og_type":"article","og_title":"Macfab - Mehr Platz und eine saubere Arbeitsumgebung","og_url":"https:\/\/macfab.nl\/de\/","og_site_name":"Macfab","article_modified_time":"2026-03-19T12:53:10+00:00","twitter_card":"summary_large_image","schema":{"@context":"https:\/\/schema.org","@graph":[{"@type":"WebPage","@id":"https:\/\/macfab.nl\/de\/","url":"https:\/\/macfab.nl\/de\/","name":"Macfab - Mehr Platz und eine saubere Arbeitsumgebung","isPartOf":{"@id":"https:\/\/macfab.nl\/de\/#website"},"datePublished":"2023-07-06T14:09:51+00:00","dateModified":"2026-03-19T12:53:10+00:00","breadcrumb":{"@id":"https:\/\/macfab.nl\/de\/#breadcrumb"},"inLanguage":"de-DE","potentialAction":[{"@type":"ReadAction","target":["https:\/\/macfab.nl\/de\/"]}]},{"@type":"BreadcrumbList","@id":"https:\/\/macfab.nl\/de\/#breadcrumb","itemListElement":[{"@type":"ListItem","position":1,"name":"Home","item":"https:\/\/macfab.nl\/de\/"},{"@type":"ListItem","position":2,"name":"Startseite"}]},{"@type":"WebSite","@id":"https:\/\/macfab.nl\/de\/#website","url":"https:\/\/macfab.nl\/de\/","name":"Macfab","description":"Mehr Platz und eine saubere Arbeitsumgebung","publisher":{"@id":"https:\/\/macfab.nl\/de\/#organization"},"potentialAction":[{"@type":"SearchAction","target":{"@type":"EntryPoint","urlTemplate":"https:\/\/macfab.nl\/de\/?s={search_term_string}"},"query-input":{"@type":"PropertyValueSpecification","valueRequired":true,"valueName":"search_term_string"}}],"inLanguage":"de-DE"},{"@type":"Organization","@id":"https:\/\/macfab.nl\/de\/#organization","name":"Macfab","url":"https:\/\/macfab.nl\/de\/","logo":{"@type":"ImageObject","inLanguage":"de-DE","@id":"https:\/\/macfab.nl\/de\/#\/schema\/logo\/image\/","url":"https:\/\/macfab.nl\/app\/uploads\/2024\/01\/logo.png","contentUrl":"https:\/\/macfab.nl\/app\/uploads\/2024\/01\/logo.png","width":1181,"height":425,"caption":"Macfab"},"image":{"@id":"https:\/\/macfab.nl\/de\/#\/schema\/logo\/image\/"}}]}},"_links":{"self":[{"href":"https:\/\/macfab.nl\/de\/wp-json\/wp\/v2\/pages\/1942","targetHints":{"allow":["GET"]}}],"collection":[{"href":"https:\/\/macfab.nl\/de\/wp-json\/wp\/v2\/pages"}],"about":[{"href":"https:\/\/macfab.nl\/de\/wp-json\/wp\/v2\/types\/page"}],"author":[{"embeddable":true,"href":"https:\/\/macfab.nl\/de\/wp-json\/wp\/v2\/users\/1"}],"replies":[{"embeddable":true,"href":"https:\/\/macfab.nl\/de\/wp-json\/wp\/v2\/comments?post=1942"}],"version-history":[{"count":4,"href":"https:\/\/macfab.nl\/de\/wp-json\/wp\/v2\/pages\/1942\/revisions"}],"predecessor-version":[{"id":2726,"href":"https:\/\/macfab.nl\/de\/wp-json\/wp\/v2\/pages\/1942\/revisions\/2726"}],"wp:attachment":[{"href":"https:\/\/macfab.nl\/de\/wp-json\/wp\/v2\/media?parent=1942"}],"curies":[{"name":"wp","href":"https:\/\/api.w.org\/{rel}","templated":true}]}}